{"id":14,"date":"2018-08-08T18:35:29","date_gmt":"2018-08-08T17:35:29","guid":{"rendered":"https:\/\/davidneau.fr\/?page_id=14"},"modified":"2025-09-03T12:30:02","modified_gmt":"2025-09-03T11:30:02","slug":"a-propos","status":"publish","type":"page","link":"https:\/\/davidneau.fr\/","title":{"rendered":"A Propos"},"content":{"rendered":"\n<p>Je travaille aujourd&rsquo;hui comme :<\/p>\n\n\n\n<p>&#8211; Sc\u00e9nariste, script docteur, consultant, et je peux vous aider sur votre projet d&rsquo;\u00e9criture.<\/p>\n\n\n\n<p>&#8211; Intervenant dans le sup\u00e9rieur pour des cours et des conf\u00e9rences dans des domaines li\u00e9s \u00e0 la BD. Je peux intervenir dans votre structure pour des ateliers ou des rencontres.<\/p>\n\n\n\n<p>&#8211; Auteur-r\u00e9alisateur de BD et de courts-m\u00e9trages anim\u00e9s en stop motion ou\/et dessin anim\u00e9 2D. Je peux vous aider sur votre projet de film.&nbsp;<\/p>\n\n\n\n<p>Pour cela, <a rel=\"noopener noreferrer\" href=\"https:\/\/davidneau.fr\/index.php\/contact\/\" target=\"_blank\">contactez-moi<\/a>.<\/p>\n\n\n\n<div class=\"wp-container-1 wp-block-group\"><div class=\"wp-block-group__inner-container\">\n<p class=\"has-text-align-center\" style=\"font-size:28px\"><strong>SOMMAIRE<\/strong><\/p>\n\n\n\n<p class=\"has-text-align-center\" style=\"font-size:28px\"><strong><a href=\"#PARCOURS\">PARCOURS<\/a><br><a href=\"https:\/\/davidneau.fr\/wp-admin\/post.php?post=14&amp;action=edit#D\u00c9MARCHE\">D\u00c9MARCHE<\/a><br><a href=\"https:\/\/davidneau.fr\/wp-admin\/post.php?post=14&amp;action=edit#PRIX\">PRIX et DISTINCTIONS<\/a><br><a href=\"https:\/\/davidneau.fr\/wp-admin\/post.php?post=14&amp;action=edit#EXPOGRAPHIE\">EXPOGRAPHIE<\/a><\/strong><\/p>\n<\/div><\/div>\n\n\n\n<p class=\"has-text-align-center\"><\/p>\n\n\n\n<div id=\"ez-toc-container\" class=\"ez-toc-v2_0_82_2 counter-hierarchy ez-toc-counter ez-toc-grey ez-toc-container-direction\">\n<div class=\"ez-toc-title-container\">\n<p class=\"ez-toc-title\" style=\"cursor:inherit\">Table of Contents<\/p>\n<span class=\"ez-toc-title-toggle\"><a href=\"#\" class=\"ez-toc-pull-right ez-toc-btn ez-toc-btn-xs ez-toc-btn-default ez-toc-toggle\" aria-label=\"Toggle Table of Content\"><span class=\"ez-toc-js-icon-con\"><span class=\"\"><span class=\"eztoc-hide\" style=\"display:none;\">Toggle<\/span><span class=\"ez-toc-icon-toggle-span\"><svg style=\"fill: #999;color:#999\" xmlns=\"http:\/\/www.w3.org\/2000\/svg\" class=\"list-377408\" width=\"20px\" height=\"20px\" viewBox=\"0 0 24 24\" fill=\"none\"><path d=\"M6 6H4v2h2V6zm14 0H8v2h12V6zM4 11h2v2H4v-2zm16 0H8v2h12v-2zM4 16h2v2H4v-2zm16 0H8v2h12v-2z\" fill=\"currentColor\"><\/path><\/svg><svg style=\"fill: #999;color:#999\" class=\"arrow-unsorted-368013\" xmlns=\"http:\/\/www.w3.org\/2000\/svg\" width=\"10px\" height=\"10px\" viewBox=\"0 0 24 24\" version=\"1.2\" baseProfile=\"tiny\"><path d=\"M18.2 9.3l-6.2-6.3-6.2 6.3c-.2.2-.3.4-.3.7s.1.5.3.7c.2.2.4.3.7.3h11c.3 0 .5-.1.7-.3.2-.2.3-.5.3-.7s-.1-.5-.3-.7zM5.8 14.7l6.2 6.3 6.2-6.3c.2-.2.3-.5.3-.7s-.1-.5-.3-.7c-.2-.2-.4-.3-.7-.3h-11c-.3 0-.5.1-.7.3-.2.2-.3.5-.3.7s.1.5.3.7z\"\/><\/svg><\/span><\/span><\/span><\/a><\/span><\/div>\n<nav><ul class='ez-toc-list ez-toc-list-level-1 ' ><li class='ez-toc-page-1 ez-toc-heading-level-2'><a class=\"ez-toc-link ez-toc-heading-1\" href=\"https:\/\/davidneau.fr\/#PARCOURS\" >PARCOURS<\/a><\/li><li class='ez-toc-page-1 ez-toc-heading-level-2'><a class=\"ez-toc-link ez-toc-heading-2\" href=\"https:\/\/davidneau.fr\/#DEMARCHE\" >D\u00c9MARCHE<\/a><\/li><li class='ez-toc-page-1 ez-toc-heading-level-2'><a class=\"ez-toc-link ez-toc-heading-3\" href=\"https:\/\/davidneau.fr\/#PRIX_et_DISTINCTIONS\" >PRIX et DISTINCTIONS<\/a><\/li><li class='ez-toc-page-1 ez-toc-heading-level-2'><a class=\"ez-toc-link ez-toc-heading-4\" href=\"https:\/\/davidneau.fr\/#EXPOGRAPHIE\" >EXPOGRAPHIE<\/a><\/li><\/ul><\/nav><\/div>\n<h2 id=\"PARCOURS\"><span class=\"ez-toc-section\" id=\"PARCOURS\"><\/span>PARCOURS<span class=\"ez-toc-section-end\"><\/span><\/h2>\n\n\n\n<p><span class=\"fontstyle0\">Apr\u00e8s un dipl\u00f4me d\u2019ing\u00e9nieur agro-alimentaire, je me suis orient\u00e9 vers l\u2019\u00e9criture et je me suis form\u00e9 au sc\u00e9nario \u00e0 l\u2019EICAR puis au CEFPF.&nbsp;<\/span><span class=\"fontstyle0\">J&rsquo;ai co-\u00e9crit plusieurs films dont le court-m\u00e9trage \u201c<\/span><span class=\"fontstyle2\">la d\u00e9pression du hamster<\/span><span class=\"fontstyle0\">\u201d r\u00e9alis\u00e9 par Katia Grivot, et le long \u201c<\/span><span class=\"fontstyle2\">Chacun&nbsp;<\/span><span class=\"fontstyle2\">sa Vie<\/span><span class=\"fontstyle0\">\u201d r\u00e9alis\u00e9 par Ali Ghanem, sorti en salles. <\/span><span class=\"fontstyle0\">\u00c0 c\u00f4t\u00e9 de cela, j&rsquo;ai d\u00e9velopp\u00e9 des sc\u00e9narios de jeu vid\u00e9o, comme l\u2019univers de \u00ab\u00a0<\/span><span class=\"fontstyle2\">Ninja Poney\u00a0\u00bb pour le studio Le Cortex<\/span><span class=\"fontstyle0\">. J&rsquo;ai aussi co-\u00e9crit du podcast, comme la s\u00e9rie audio \u00ab\u00a0Pamela Target\u00a0\u00bb r\u00e9alis\u00e9e par Katia Grivot. <\/span><\/p>\n\n\n\n<p><span class=\"fontstyle0\">Je me suis lanc\u00e9 dans la BD avec \u00ab\u00a0<span class=\"fontstyle2\">Z\u00e9da, l&rsquo;Odyss\u00e9e du quotidien\u00a0\u00bb <\/span>dont j&rsquo;assure les histoires et les dessins. <\/span><span class=\"fontstyle0\">J&rsquo;ai pris des cours du soir pour apprendre le cin\u00e9ma d&rsquo;animation en stop motion et depuis, je r\u00e9alise des courts-m\u00e9trages anim\u00e9s dans l&rsquo;univers de Z\u00e9da. J&rsquo;ai aussi donn\u00e9 des ateliers et des stages d&rsquo;initiation au cin\u00e9ma pour les jeunes.<\/span><\/p>\n\n\n\n<p><span class=\"fontstyle0\">J&rsquo;interviens \u00e9galement comme chroniqueur litt\u00e9raire pour les sites AvoirAlire, 7BD et Webtoon Actu, je participe \u00e0 des jury et donne des conf\u00e9rences sur des sujets li\u00e9s \u00e0 la BD. <\/span><\/p>\n\n\n\n<p><span class=\"fontstyle0\">Gr\u00e2ce \u00e0 ces exp\u00e9riences vari\u00e9es, je travaille aussi dans l&rsquo;enseignement sup\u00e9rieur, notamment \u00e0 l&rsquo;ICAN dans le bachelor Digital Comic pour des cours autour de l&rsquo;univers et de l&rsquo;\u00e9cosyst\u00e8me de la BD num\u00e9rique.<\/span>&nbsp;<\/p>\n\n\n\n<p><span class=\"fontstyle0\">Aujourd\u2019hui, j&rsquo;\u00e9cris pour le cin\u00e9ma, le transm\u00e9dia, le jeu vid\u00e9o, le livre, le podcast et la BD. <\/span><\/p>\n\n\n\n<h2 id=\"D\u00c9MARCHE\"><span class=\"ez-toc-section\" id=\"DEMARCHE\"><\/span>D\u00c9MARCHE<span class=\"ez-toc-section-end\"><\/span><\/h2>\n\n\n\n<p>Je cherche \u00e0 explorer les diff\u00e9rentes possibilit\u00e9s de la narration : de la fiction lin\u00e9aire classique (film, BD, livre&#8230;) \u00e0 la fiction interactive (jeu vid\u00e9o, podcast arborescent, BD dont vous \u00eatre le h\u00e9ros&#8230;) en passant par le m\u00e9lange des m\u00e9dias (webtoon anim\u00e9, r\u00e9cit transm\u00e9dia, web-s\u00e9rie&#8230;) et des techniques (dessin et photos, mix 2D et 3D, rotoscopie et sable anim\u00e9&#8230;).&nbsp;&nbsp;<\/p>\n\n\n\n<p>Je suis int\u00e9ress\u00e9 par l&rsquo;histoire riche de l&rsquo;art, de la peinture au cin\u00e9ma, qui repr\u00e9sente \u00e0 mes yeux une source d&rsquo;inspiration et de r\u00e9flexion sans fin pour mes projets d&rsquo;aujourd&rsquo;hui.&nbsp;&nbsp;<\/p>\n\n\n\n<p>Ma BD en ligne \u00ab\u00a0Z\u00e9da, l&rsquo;Odyss\u00e9e du quotidien\u00a0\u00bb est une bonne illustration de ma d\u00e9marche. H\u00e9ros de pixel et de papier, Z\u00e9da vit sa vie au travers de strips dont certaines cases int\u00e8grent des gifs, de BD comportant des musiques ou encore des comics interactifs. Z\u00e9da passe de la BD num\u00e9rique au fanzine papier avec un d\u00e9tour par l&rsquo;animation stop motion (m\u00e9lange papier d\u00e9coup\u00e9 et photo, sable et marionnette&#8230;) ou encore la fresque participative. On le retrouve dans des courts-m\u00e9trages anim\u00e9s ou des vid\u00e9os en boucle pour des expositions, il se prom\u00e8ne \u00e9galement \u00e0 travers les images des autres, pochette d&rsquo;album, peinture ancienne ou encore couverture de BD. Et il lui reste tant \u00e0 parcourir&#8230;&nbsp;&nbsp;<\/p>\n\n\n\n<p>J&rsquo;ai adopt\u00e9 ce vieux proverbe chinois : \u00ab\u00a0Le plus long des voyages commence toujours par un premier pas.\u00a0\u00bb<\/p>\n\n\n\n<h2 id=\"PRIX\"><span class=\"ez-toc-section\" id=\"PRIX_et_DISTINCTIONS\"><\/span>PRIX et DISTINCTIONS<span class=\"ez-toc-section-end\"><\/span><\/h2>\n\n\n\n<p>&#8211; Le 30 octobre 2024, Le Ferr\u00e9 Club, \u00e9mission de Radio Libertaire (89.4FM), a consacr\u00e9 une \u00e9mission compl\u00e8te intitul\u00e9e \u00ab\u00a0LA VOIX FERRE, Entretien avec David Neau\u00a0\u00bb, \u00e0 une BD musicale en dix chapitres dont j&rsquo;assure l&rsquo;histoire, le dessin, l&rsquo;animation et le son.<\/p>\n\n\n\n<p>&#8211;&nbsp;<span class=\"fontstyle0\">S\u00e9lection au <\/span><span class=\"fontstyle0\">Prix de la BD alternative 2025 <\/span><span class=\"fontstyle0\">Angoul\u00eame <\/span><span class=\"fontstyle2\">avec le fanzine collectif \u00ab M\u00e9tamorphose \u00bb de l\u2019association atelier 54&nbsp;<\/span><\/p>\n\n\n\n<p><span class=\"fontstyle0\">&#8211; S\u00e9lection au <\/span><span class=\"fontstyle0\">Prix de la BD alternative 2024 <\/span><span class=\"fontstyle0\">Angoul\u00eame <\/span><span class=\"fontstyle2\">avec le fanzine collectif \u00ab Folie \u00bb de l\u2019association Atelier 54&nbsp;<\/span><\/p>\n\n\n\n<p><span class=\"fontstyle0\">&#8211; S\u00e9lection au <\/span><span class=\"fontstyle0\">Prix de la BD alternative 2023 <\/span><span class=\"fontstyle0\">Angoul\u00eame <\/span><span class=\"fontstyle2\">avec le fanzine collectif \u00ab Racines \u00bb de l\u2019association Atelier 54&nbsp;<\/span><\/p>\n\n\n\n<p><span class=\"fontstyle0\">&#8211; Obtention avec Katia Grivot et Eric Viennot de <\/span><span class=\"fontstyle2\">l&rsquo;aide s\u00e9lective du Minist\u00e8re de la culture aux auteurs de podcasts&nbsp;<\/span><span class=\"fontstyle2\">2021 <\/span><span class=\"fontstyle0\">pour <\/span><span class=\"fontstyle2\">\u00ab <\/span><span class=\"fontstyle0\">L&rsquo;homme qui r\u00eavait dans une langue inconnue <\/span><span class=\"fontstyle2\">\u00bb <\/span><span class=\"fontstyle0\">de Eric Viennot, qu&rsquo;on a co-\u00e9crit avec Katia Grivot et Eric Viennot<\/span><\/p>\n\n\n\n<p><span class=\"fontstyle2\">&#8211; Prix du Public \u00e0 la Nuit Sans Images 2020 pour <span class=\"fontstyle0\">la s\u00e9rie audio <\/span><span class=\"fontstyle0\">Pamela Target<\/span><span class=\"fontstyle0\">, qu&rsquo;on a co-\u00e9crite avec Katia Grivot et Pascal Senicourt, r\u00e9alis\u00e9e par Katia Grivot<\/span>&nbsp;<\/span><\/p>\n\n\n\n<p><span class=\"fontstyle2\">&#8211; Laur\u00e9at Potards 2019 : Meilleur sc\u00e9nario, meilleur montage, meilleur sound design, <\/span><span class=\"fontstyle2\">meilleur humour, meilleure actrice et meilleure saga audio pour <span class=\"fontstyle0\">la s\u00e9rie audio <\/span><span class=\"fontstyle0\">Pamela Target<\/span><\/span><\/p>\n\n\n\n<p><span class=\"fontstyle2\">&#8211; Gagnant Podcast Award 2019 et 2018 cat\u00e9gorie Fiction pour <span class=\"fontstyle0\">la s\u00e9rie audio <\/span><span class=\"fontstyle0\">Pamela Target<\/span><\/span><\/p>\n\n\n\n<p><span class=\"fontstyle0\">&#8211; S<span class=\"fontstyle2\">\u00e9lection au <\/span>Nikon Film Festival <span class=\"fontstyle2\">2018 avec <\/span>\u00ab\u00a0Je suis le Souffle de l&rsquo;Amour <\/span><span class=\"fontstyle0\">\u00bb, court-m\u00e9trage anim\u00e9, que j&rsquo;ai \u00e9crit et r\u00e9alis\u00e9&nbsp;<\/span><\/p>\n\n\n\n<p><span class=\"fontstyle0\">&#8211; S<span class=\"fontstyle2\">\u00e9lection festival Quai des Bulles 2016 avec <\/span>\u00ab <\/span><span class=\"fontstyle0\">La Musique <\/span><span class=\"fontstyle0\">\u00bb, court-m\u00e9trage anim\u00e9, que j&rsquo;ai \u00e9crit et r\u00e9alis\u00e9<\/span><\/p>\n\n\n\n<p>&#8211; S<span class=\"fontstyle0\">\u00e9lection cat\u00e9gorie jeunesse <\/span><span class=\"fontstyle0\">festival BD6N\u00e9 <\/span><span class=\"fontstyle0\">2015 <\/span>pour \u00ab\u00a0Gravit\u00e9\u00a0\u00bb, court-m\u00e9trage anim\u00e9 que j&rsquo;ai r\u00e9alis\u00e9<\/p>\n\n\n\n<p>&#8211; <span class=\"fontstyle0\">Coup de c\u0153ur 2014 <\/span><span class=\"fontstyle0\">Esprit BD<\/span><span class=\"fontstyle0\">, soutenu par le Festival d&rsquo;Angoul\u00eame<\/span> pour <span class=\"fontstyle0\">\u00ab <\/span><span class=\"fontstyle0\">Z\u00e9da, l&rsquo;Odyss\u00e9e du quotidien<\/span><span class=\"fontstyle0\">\u00bb, ma BD en ligne.<\/span>&nbsp;<\/p>\n\n\n\n<p>&#8211; A<span class=\"fontstyle2\">ccompagnement projet num\u00e9rique au festival Paris Court<\/span> <span class=\"fontstyle0\">2014<\/span> pour \u00ab\u00a0<span class=\"fontstyle0\">Z\u00e9da Transm\u00e9dia\u00a0\u00bb co-\u00e9crit avec Willy Roll\u00e9&nbsp;<\/span><\/p>\n\n\n\n<p>&#8211; P<span class=\"fontstyle0\">rojection par la Cin\u00e9math\u00e8que de Paris <\/span><span class=\"fontstyle2\">pour un hommage \u00e0 J. Demy en <\/span><span class=\"fontstyle0\">2013 du court-m\u00e9trage anim\u00e9 \u00ab\u00a0Le Blues de Rochefort\u00a0\u00bb que j&rsquo;ai \u00e9crit et r\u00e9alis\u00e9<\/span>&nbsp;<\/p>\n\n\n\n<p><span class=\"fontstyle0\">&#8211; <span class=\"fontstyle2\">Obtention de l&rsquo;aide \u00e0 l&rsquo;IP 2012 du CNC<\/span> pour \u00ab Ninja Poney \u00bb, Jeu NeoGeo, produit par Le Cortex et que j&rsquo;ai sc\u00e9naris\u00e9&nbsp;<\/span><\/p>\n\n\n\n<p>&#8211; <span class=\"fontstyle0\">S\u00e9lection au Moving Image Film Festival de TORONTO 2007<\/span> pour \u00ab\u00a0La D\u00e9pression du hamster\u00a0\u00bb, court m\u00e9trage qu&rsquo;on a co-\u00e9crit avec Katia Grivot et Jean-Christophe Beauvallet, r\u00e9alis\u00e9 par Katia Grivot.<\/p>\n\n\n\n<p>&#8211; <span class=\"fontstyle0\">Obtention de l&rsquo;aide FAEM 2006 du CNC pour \u00ab\u00a0Fan Attack\u00a0\u00bb, jeu DS produit par Le Caillou et que j&rsquo;ai sc\u00e9naris\u00e9<\/span><\/p>\n\n\n\n<p><span class=\"fontstyle0\">Pour en savoir plus sur tout cela, vous pouvez aller voir mes <a href=\"https:\/\/davidneau.fr\/index.php\/travaux\/\" target=\"_blank\" rel=\"noopener noreferrer\">travaux<\/a>.<\/span><\/p>\n\n\n\n<h2 id=\"EXPOGRAPHIE\"><span class=\"ez-toc-section\" id=\"EXPOGRAPHIE\"><\/span>EXPOGRAPHIE<span class=\"ez-toc-section-end\"><\/span><\/h2>\n\n\n\n<p>&#8211; Participation \u00e0 l&rsquo;exposition collective de l&rsquo;association ATELIER 54 dans le cadre du festival SoBD (d\u00e9cembre 2025 \/ d\u00e9cembre 2024 \/ d\u00e9cembre 2023 \/ d\u00e9cembre 2022 \/ d\u00e9cembre 2019 \/ d\u00e9cembre 2018)<\/p>\n\n\n\n<p>&#8211; Participation \u00e0 l&rsquo;exposition Olivier Benguigui avec des photos-BD \u00e0 l&rsquo;espace 130 (Novembre 2015)<\/p>\n\n\n\n<p>&#8211; Participation \u00e0 l&rsquo;exposition d&rsquo;Olivier Benguigui au Parnasse avec des Photos-BD, Versailles (Mai 2015)<\/p>\n\n\n\n<p>&#8211; Participation \u00e0 l&rsquo;exposition collective internationale sur la libert\u00e9 d&rsquo;expression du festival BD de Grenade (Mars 2015)&nbsp;<\/p>\n\n\n\n<p>&#8211; Exposition au Salon des Laur\u00e9ats \u00e0 Ville d&rsquo;Avray \u00ab\u00a0Z\u00e9damatic\u00a0\u00bb Photo-BD cr\u00e9\u00e9 avec le photographe Olivier Benguigui&nbsp; (Octobre 2014)<\/p>\n\n\n\n<p>&#8211; Projection \u00e0 l&rsquo;exposition \u00ab\u00a0Ext\u00e9rieur Moi\u00a0\u00bb de \u00ab\u00a0PRIDE &amp; FALL\u00a0\u00bb court-m\u00e9trage que j&rsquo;ai \u00e9crit et r\u00e9alis\u00e9 (Juin 2014)<\/p>\n\n\n\n<p><\/p>\n<div style=\"padding-bottom:20px; padding-top:10px;\" class=\"hupso-share-buttons\"><!-- Hupso Share Buttons - https:\/\/www.hupso.com\/share\/ --><a class=\"hupso_toolbar\" href=\"https:\/\/www.hupso.com\/share\/\"><img src=\"https:\/\/static.hupso.com\/share\/buttons\/lang\/fr\/share-medium.png\" style=\"border:0px; padding-top: 5px; float:left;\" alt=\"Share Button\"\/><\/a><script type=\"text\/javascript\">var hupso_services_t=new Array(\"Twitter\",\"Facebook\",\"Google Plus\",\"Pinterest\",\"Linkedin\",\"Tumblr\",\"Reddit\",\"Sina Weibo\",\"Email\",\"Print\");var hupso_background_t=\"#EAF4FF\";var hupso_border_t=\"#66CCFF\";var hupso_toolbar_size_t=\"medium\";var hupso_image_folder_url = \"\";var hupso_twitter_via=\"DVNEAU\";var hupso_url_t=\"\";var hupso_title_t=\"A%20Propos\";<\/script><script type=\"text\/javascript\" src=\"https:\/\/static.hupso.com\/share\/js\/share_toolbar.js\"><\/script><!-- Hupso Share Buttons --><\/div>","protected":false},"excerpt":{"rendered":"<p>Je travaille aujourd&rsquo;hui comme : &#8211; Sc\u00e9nariste, script docteur, consultant, et je peux vous aider sur votre projet d&rsquo;\u00e9criture. &#8211; Intervenant dans le sup\u00e9rieur pour des cours et des conf\u00e9rences dans des domaines li\u00e9s \u00e0 la BD. Je peux intervenir dans votre structure pour des ateliers ou des rencontres. &#8211; Auteur-r\u00e9alisateur de BD et de&#8230; <a href=\"https:\/\/davidneau.fr\/\" class=\"more-link\">Continue reading <span class=\"screen-reader-text\">A Propos<\/span><\/a><\/p>\n","protected":false},"author":1,"featured_media":0,"parent":0,"menu_order":0,"comment_status":"closed","ping_status":"closed","template":"","meta":[],"jetpack_sharing_enabled":true,"jetpack_shortlink":"https:\/\/wp.me\/Pa9QkF-e","_links":{"self":[{"href":"https:\/\/davidneau.fr\/index.php\/wp-json\/wp\/v2\/pages\/14"}],"collection":[{"href":"https:\/\/davidneau.fr\/index.php\/wp-json\/wp\/v2\/pages"}],"about":[{"href":"https:\/\/davidneau.fr\/index.php\/wp-json\/wp\/v2\/types\/page"}],"author":[{"embeddable":true,"href":"https:\/\/davidneau.fr\/index.php\/wp-json\/wp\/v2\/users\/1"}],"replies":[{"embeddable":true,"href":"https:\/\/davidneau.fr\/index.php\/wp-json\/wp\/v2\/comments?post=14"}],"version-history":[{"count":25,"href":"https:\/\/davidneau.fr\/index.php\/wp-json\/wp\/v2\/pages\/14\/revisions"}],"predecessor-version":[{"id":9131,"href":"https:\/\/davidneau.fr\/index.php\/wp-json\/wp\/v2\/pages\/14\/revisions\/9131"}],"wp:attachment":[{"href":"https:\/\/davidneau.fr\/index.php\/wp-json\/wp\/v2\/media?parent=14"}],"curies":[{"name":"wp","href":"https:\/\/api.w.org\/{rel}","templated":true}]}}