{"id":24,"date":"2018-09-03T20:32:05","date_gmt":"2018-09-03T19:32:05","guid":{"rendered":"https:\/\/davidneau.fr\/?page_id=24"},"modified":"2025-09-03T11:28:57","modified_gmt":"2025-09-03T10:28:57","slug":"publirealisations","status":"publish","type":"page","link":"https:\/\/davidneau.fr\/index.php\/publirealisations\/","title":{"rendered":"Publications et R\u00e9alisations"},"content":{"rendered":"<p>Sc\u00e9nariste depuis bient\u00f4t vingt ans, Je travaille actuellement \u00e0 l&rsquo;\u00e9criture de diff\u00e9rents projets.<\/p>\n<p>En tant que consultant, je peux intervenir sur votre histoire d\u00e8s le commencement ou en cours, vous aider \u00e0 d\u00e9velopper votre r\u00e9cit ou juste vous conseiller pour le rendre encore meilleur.<\/p>\n<p>Voici un aper\u00e7u s\u00e9lectif des diff\u00e9rents projets sur lesquels j&rsquo;ai travaill\u00e9\u00a0 :<\/p>\n<div id=\"ez-toc-container\" class=\"ez-toc-v2_0_82_2 counter-hierarchy ez-toc-counter ez-toc-grey ez-toc-container-direction\">\n<div class=\"ez-toc-title-container\">\n<p class=\"ez-toc-title\" style=\"cursor:inherit\">Table of Contents<\/p>\n<span class=\"ez-toc-title-toggle\"><a href=\"#\" class=\"ez-toc-pull-right ez-toc-btn ez-toc-btn-xs ez-toc-btn-default ez-toc-toggle\" aria-label=\"Toggle Table of Content\"><span class=\"ez-toc-js-icon-con\"><span class=\"\"><span class=\"eztoc-hide\" style=\"display:none;\">Toggle<\/span><span class=\"ez-toc-icon-toggle-span\"><svg style=\"fill: #999;color:#999\" xmlns=\"http:\/\/www.w3.org\/2000\/svg\" class=\"list-377408\" width=\"20px\" height=\"20px\" viewBox=\"0 0 24 24\" fill=\"none\"><path d=\"M6 6H4v2h2V6zm14 0H8v2h12V6zM4 11h2v2H4v-2zm16 0H8v2h12v-2zM4 16h2v2H4v-2zm16 0H8v2h12v-2z\" fill=\"currentColor\"><\/path><\/svg><svg style=\"fill: #999;color:#999\" class=\"arrow-unsorted-368013\" xmlns=\"http:\/\/www.w3.org\/2000\/svg\" width=\"10px\" height=\"10px\" viewBox=\"0 0 24 24\" version=\"1.2\" baseProfile=\"tiny\"><path d=\"M18.2 9.3l-6.2-6.3-6.2 6.3c-.2.2-.3.4-.3.7s.1.5.3.7c.2.2.4.3.7.3h11c.3 0 .5-.1.7-.3.2-.2.3-.5.3-.7s-.1-.5-.3-.7zM5.8 14.7l6.2 6.3 6.2-6.3c.2-.2.3-.5.3-.7s-.1-.5-.3-.7c-.2-.2-.4-.3-.7-.3h-11c-.3 0-.5.1-.7.3-.2.2-.3.5-.3.7s.1.5.3.7z\"\/><\/svg><\/span><\/span><\/span><\/a><\/span><\/div>\n<nav><ul class='ez-toc-list ez-toc-list-level-1 ' ><li class='ez-toc-page-1 ez-toc-heading-level-2'><a class=\"ez-toc-link ez-toc-heading-1\" href=\"https:\/\/davidneau.fr\/index.php\/publirealisations\/#Jeu_video_Serious_Game\" >Jeu vid\u00e9o \/ Serious Game :<\/a><\/li><li class='ez-toc-page-1 ez-toc-heading-level-2'><a class=\"ez-toc-link ez-toc-heading-2\" href=\"https:\/\/davidneau.fr\/index.php\/publirealisations\/#Films_court_et_long_metrage\" >Films (court et long m\u00e9trage) :<\/a><\/li><li class='ez-toc-page-1 ez-toc-heading-level-2'><a class=\"ez-toc-link ez-toc-heading-3\" href=\"https:\/\/davidneau.fr\/index.php\/publirealisations\/#i\" >\u00a0<\/a><\/li><li class='ez-toc-page-1 ez-toc-heading-level-2'><a class=\"ez-toc-link ez-toc-heading-4\" href=\"https:\/\/davidneau.fr\/index.php\/publirealisations\/#Audio\" >Audio\u00a0 :<\/a><\/li><li class='ez-toc-page-1 ez-toc-heading-level-2'><a class=\"ez-toc-link ez-toc-heading-5\" href=\"https:\/\/davidneau.fr\/index.php\/publirealisations\/#BD\" >BD :<\/a><\/li><li class='ez-toc-page-1 ez-toc-heading-level-2'><a class=\"ez-toc-link ez-toc-heading-6\" href=\"https:\/\/davidneau.fr\/index.php\/publirealisations\/#Enseignement\" >Enseignement :<\/a><\/li><li class='ez-toc-page-1 ez-toc-heading-level-2'><a class=\"ez-toc-link ez-toc-heading-7\" href=\"https:\/\/davidneau.fr\/index.php\/publirealisations\/#Intervention\" >Intervention :<\/a><\/li><li class='ez-toc-page-1 ez-toc-heading-level-2'><a class=\"ez-toc-link ez-toc-heading-8\" href=\"https:\/\/davidneau.fr\/index.php\/publirealisations\/#Articles\" >Articles :<\/a><\/li><\/ul><\/nav><\/div>\n<h2 style=\"text-align: center;\"><span class=\"ez-toc-section\" id=\"Jeu_video_Serious_Game\"><\/span><strong>Jeu vid\u00e9o \/ Serious Game :<\/strong><span class=\"ez-toc-section-end\"><\/span><\/h2>\n<ul>\n<li><strong><a href=\"https:\/\/play.google.com\/store\/apps\/details?id=com.mmtapgames.crownchronicles&amp;hl=fr\" target=\"_blank\" rel=\"noopener noreferrer\">CROWN CHRONICLES<\/a>:<\/strong> Magic-Like Game pour Smartphone et tablette. sc\u00e9narios des diff\u00e9rents \u00e9v\u00e9nements, cr\u00e9ation des personnages et d\u00e9veloppement de l&rsquo;univers du jeu.<\/li>\n<\/ul>\n<p><img loading=\"lazy\" class=\" wp-image-66 aligncenter\" src=\"https:\/\/davidneau.fr\/wp-content\/uploads\/2019\/10\/CrownChronicles-300x111.png\" alt=\"\" width=\"365\" height=\"135\" srcset=\"https:\/\/davidneau.fr\/wp-content\/uploads\/2019\/10\/CrownChronicles-300x111.png 300w, https:\/\/davidneau.fr\/wp-content\/uploads\/2019\/10\/CrownChronicles-768x283.png 768w, https:\/\/davidneau.fr\/wp-content\/uploads\/2019\/10\/CrownChronicles-144x53.png 144w, https:\/\/davidneau.fr\/wp-content\/uploads\/2019\/10\/CrownChronicles.png 960w\" sizes=\"(max-width: 365px) 100vw, 365px\" \/><\/p>\n<p>produit par MMTAP GAMES et Slak Games.<\/p>\n<p>\u00a0<\/p>\n<ul>\n<li><strong>NINJA PONEY<\/strong>: Univers multi-jeu d\u00e9velopp\u00e9 avec Le Cortex. d\u00e9veloppement de l&rsquo;univers, de l&rsquo;histoire et de la qu\u00eate de ninja Poney ! Univers barr\u00e9 \u00e0 l&rsquo;humour potache abordant en m\u00eame temps des sujets\u00a0 forts.<\/li>\n<\/ul>\n<p style=\"text-align: center;\"><strong>Obtention de l&rsquo;aide \u00e0 l&rsquo;IP du CNC.<\/strong><\/p>\n<p><span class=\"embed-youtube\" style=\"text-align:center; display: block;\"><iframe loading=\"lazy\" class=\"youtube-player\" width=\"750\" height=\"422\" src=\"https:\/\/www.youtube.com\/embed\/-xuMGQANl-0?version=3&#038;rel=1&#038;showsearch=0&#038;showinfo=1&#038;iv_load_policy=1&#038;fs=1&#038;hl=fr-FR&#038;autohide=2&#038;wmode=transparent\" allowfullscreen=\"true\" style=\"border:0;\" sandbox=\"allow-scripts allow-same-origin allow-popups allow-presentation\"><\/iframe><\/span><\/p>\n<p>Premier Jeu de la s\u00e9rie : \u00ab\u00a0<a href=\"https:\/\/store.steampowered.com\/app\/286930\/Crouching_Pony_Hidden_Dragon\/\" target=\"_blank\" rel=\"noopener noreferrer\">Crouching Pony, Hidden Dragon<\/a>\u00a0\u00bb pour la N\u00e9oG\u00e9o, produit par Le Cortex.<\/p>\n<p>\u00a0<\/p>\n<ul>\n<li><strong><a href=\"https:\/\/www.micromania.fr\/mtv-fan-attack-34071.html\" target=\"_blank\" rel=\"noopener noreferrer\">MTV FAN ATTACK<\/a><\/strong>: Jeu de poursuite pour Nintendo DS. Cr\u00e9ation du sc\u00e9nario et des enjeux des diff\u00e9rents niveaux.<\/li>\n<\/ul>\n<p style=\"text-align: center;\"><strong>Obtention de l&rsquo;aide FAEM du CNC, <\/strong><\/p>\n<p style=\"text-align: center;\"><strong>coup de couer FNAC, <\/strong><\/p>\n<p style=\"text-align: center;\"><strong>prim\u00e9 au salon du Jeu vid\u00e9o.<\/strong><\/p>\n<p><span class=\"embed-youtube\" style=\"text-align:center; display: block;\"><iframe loading=\"lazy\" class=\"youtube-player\" width=\"750\" height=\"422\" src=\"https:\/\/www.youtube.com\/embed\/fnM4Nc_-1ok?version=3&#038;rel=1&#038;showsearch=0&#038;showinfo=1&#038;iv_load_policy=1&#038;fs=1&#038;hl=fr-FR&#038;autohide=2&#038;wmode=transparent\" allowfullscreen=\"true\" style=\"border:0;\" sandbox=\"allow-scripts allow-same-origin allow-popups allow-presentation\"><\/iframe><\/span><\/p>\n<p>produit par le Caillou, \u00e9dit\u00e9 parMindscape.<\/p>\n<p>\u00a0<\/p>\n<ul>\n<li><a href=\"https:\/\/www.ville-en-mouvement.com\/fr\/content\/en-route-serious-game-pour-faciliter-lapprentissage-de-la-mobilit%C3%A9\" target=\"_blank\" rel=\"noopener noreferrer\"><strong>EN ROUTE<\/strong><\/a>: serious game institutionnel pour surmonter ses freins psychologiques face au d\u00e9placement urbain. Sc\u00e9narisation des diff\u00e9rentes missions en y incluant les enjeux p\u00e9dagogiques.<\/li>\n<\/ul>\n<p><span class=\"embed-youtube\" style=\"text-align:center; display: block;\"><iframe loading=\"lazy\" class=\"youtube-player\" width=\"750\" height=\"422\" src=\"https:\/\/www.youtube.com\/embed\/FFXbFVEDHY4?version=3&#038;rel=1&#038;showsearch=0&#038;showinfo=1&#038;iv_load_policy=1&#038;fs=1&#038;hl=fr-FR&#038;autohide=2&#038;wmode=transparent\" allowfullscreen=\"true\" style=\"border:0;\" sandbox=\"allow-scripts allow-same-origin allow-popups allow-presentation\"><\/iframe><\/span><\/p>\n<p>produit par Dowino et command\u00e9 par l&rsquo;Institut pour la Ville en Mouvement.<\/p>\n<p>\u00a0<\/p>\n<h2 style=\"text-align: center;\"><span class=\"ez-toc-section\" id=\"Films_court_et_long_metrage\"><\/span><strong>Films (court et long m\u00e9trage) :<\/strong><span class=\"ez-toc-section-end\"><\/span><\/h2>\n<ul>\n<li><a href=\"https:\/\/www.avoir-alire.com\/chacun-sa-vie-la-critique\" target=\"_blank\" rel=\"noopener noreferrer\"><strong>CHACUN SA VIE<\/strong><\/a>: Long m\u00e9trage r\u00e9alis\u00e9 par Ali Ghanem produit par Les Films AG et l&rsquo;ENTV (T\u00e9l\u00e9vision Nationale Alg\u00e9rienne). Co-\u00e9criture du sc\u00e9nario avec Ali Ghanem.<\/li>\n<\/ul>\n<p><iframe loading=\"lazy\" title=\"Bande-annonce :  Chacun sa Vie\" frameborder=\"0\" width=\"750\" height=\"572\" src=\"https:\/\/geo.dailymotion.com\/player.html?video=x28dycd&#038;\" allowfullscreen allow=\"autoplay; fullscreen; picture-in-picture; web-share\"><\/iframe><\/p>\n<p>\u00a0<\/p>\n<ul>\n<li><strong>LA MUSIQUE<\/strong>: Court-m\u00e9trage anim\u00e9,stop-motion, sable et marionnette. \u00c9criture et r\u00e9alisation.<\/li>\n<\/ul>\n<p style=\"text-align: center;\"><strong>s\u00e9lectionn\u00e9 au festival Quai des Bulles<\/strong><\/p>\n<p><span class=\"embed-youtube\" style=\"text-align:center; display: block;\"><iframe loading=\"lazy\" class=\"youtube-player\" width=\"750\" height=\"422\" src=\"https:\/\/www.youtube.com\/embed\/G8p5KsolbWU?version=3&#038;rel=1&#038;showsearch=0&#038;showinfo=1&#038;iv_load_policy=1&#038;fs=1&#038;hl=fr-FR&#038;autohide=2&#038;wmode=transparent\" allowfullscreen=\"true\" style=\"border:0;\" sandbox=\"allow-scripts allow-same-origin allow-popups allow-presentation\"><\/iframe><\/span><\/p>\n<p>\u00a0<\/p>\n<ul>\n<li style=\"text-align: left;\"><strong>GRAVITE<\/strong>: Court-m\u00e9trage anim\u00e9, stop-motion sable et marionnette. \u00c9criture et R\u00e9alisation.<\/li>\n<\/ul>\n<p style=\"text-align: center;\"><strong>s\u00e9lectionn\u00e9 comp\u00e9tition jeunesse au festival BD6n\u00e9<\/strong><\/p>\n<p><span class=\"embed-youtube\" style=\"text-align:center; display: block;\"><iframe loading=\"lazy\" class=\"youtube-player\" width=\"750\" height=\"422\" src=\"https:\/\/www.youtube.com\/embed\/41MYqIgV8-Y?version=3&#038;rel=1&#038;showsearch=0&#038;showinfo=1&#038;iv_load_policy=1&#038;fs=1&#038;hl=fr-FR&#038;autohide=2&#038;wmode=transparent\" allowfullscreen=\"true\" style=\"border:0;\" sandbox=\"allow-scripts allow-same-origin allow-popups allow-presentation\"><\/iframe><\/span><\/p>\n<p>\u00a0<\/p>\n<ul>\n<li><strong>LE BLUES DE ROCHEFORT<\/strong>: court-m\u00e9trage stop-motion, papier d\u00e9coup\u00e9 et effets sp\u00e9ciaux. Ecriture et r\u00e9alisation. clin d&rsquo;oeil \u00e0 Jacques Demy.<\/li>\n<\/ul>\n<p style=\"text-align: center;\"><strong>s\u00e9lectionn\u00e9 et projet\u00e9 \u00e0 la cin\u00e9math\u00e8que de Paris dans le cadre d&rsquo;une r\u00e9trospective hommage \u00e0 Jacques Demy<\/strong><\/p>\n<p><span class=\"embed-youtube\" style=\"text-align:center; display: block;\"><iframe loading=\"lazy\" class=\"youtube-player\" width=\"750\" height=\"422\" src=\"https:\/\/www.youtube.com\/embed\/vQshF3OsKwc?version=3&#038;rel=1&#038;showsearch=0&#038;showinfo=1&#038;iv_load_policy=1&#038;fs=1&#038;hl=fr-FR&#038;autohide=2&#038;wmode=transparent\" allowfullscreen=\"true\" style=\"border:0;\" sandbox=\"allow-scripts allow-same-origin allow-popups allow-presentation\"><\/iframe><\/span><\/p>\n<p>\u00a0<\/p>\n<ul>\n<li><strong>TROUBLES<\/strong>: Court-m\u00e9trage de Olivier Benguigui r\u00e9alis\u00e9 pour le 48HFP. co-\u00e9criture avec Olivier Benguigui.<\/li>\n<\/ul>\n<p><iframe loading=\"lazy\" title=\"teaser TROUBLE\" frameborder=\"0\" width=\"750\" height=\"421\" src=\"https:\/\/geo.dailymotion.com\/player.html?video=x15dg71&#038;\" allowfullscreen allow=\"autoplay; fullscreen; picture-in-picture; web-share\"><\/iframe><\/p>\n<p>\u00a0<\/p>\n<ul>\n<li><strong>LE CINQUIEME JOUR<\/strong>: Court-m\u00e9trage de Olivier Benguigui r\u00e9alis\u00e9 pour le 48HFP. co-\u00e9criture avec Olivier Benguigui.<\/li>\n<\/ul>\n<ul>\n<li><a href=\"https:\/\/www.imdb.com\/videoplayer\/vi3153723929\" target=\"_blank\" rel=\"noopener noreferrer\"><strong>LA DEPRESSION DU HAMSTER<\/strong><\/a>: court m\u00e9trage de Katia Grivot. co-\u00e9criture du sc\u00e9nario avec Katia Grivot et Jean-Christophe Beauvallet.<\/li>\n<\/ul>\n<p style=\"text-align: center;\"><strong>s\u00e9lectionn\u00e9 au Moving Image Film Festival de Toronto<\/strong><\/p>\n<h2><span class=\"ez-toc-section\" id=\"i\"><\/span>\u00a0<span class=\"ez-toc-section-end\"><\/span><\/h2>\n<h2 style=\"text-align: center;\"><span class=\"ez-toc-section\" id=\"Audio\"><\/span><strong>Audio\u00a0 <\/strong><strong>:<\/strong><span class=\"ez-toc-section-end\"><\/span><\/h2>\n<p><strong><a href=\"https:\/\/www.pamelatarget.com\" target=\"_blank\" rel=\"noopener noreferrer\">PAMELA TARGET<\/a>:<\/strong> S\u00e9rie audio r\u00e9alis\u00e9e par Katia Grivot. Co-\u00e9criture avec Katia Grivot et Pascal Senicourt.<\/p>\n<p style=\"text-align: center;\"><strong>podcast award 2018 cat\u00e9gorie BlaBlaCast.<\/strong><\/p>\n<p style=\"text-align: center;\"><strong>podcast award 2019 cat\u00e9gorie Fiction<\/strong><\/p>\n<p style=\"text-align: center;\"><strong>Potard 2019 : Meilleur humour, Meilleure actrice, Meilleur montage, Meilleur sounddesign, <\/strong><strong>Meilleure s\u00e9rie, Meilleur sc\u00e9nario<\/strong><\/p>\n<p><span class=\"embed-youtube\" style=\"text-align:center; display: block;\"><iframe loading=\"lazy\" class=\"youtube-player\" width=\"750\" height=\"422\" src=\"https:\/\/www.youtube.com\/embed\/nIVRbfdTJD0?version=3&#038;rel=1&#038;showsearch=0&#038;showinfo=1&#038;iv_load_policy=1&#038;fs=1&#038;hl=fr-FR&#038;autohide=2&#038;wmode=transparent\" allowfullscreen=\"true\" style=\"border:0;\" sandbox=\"allow-scripts allow-same-origin allow-popups allow-presentation\"><\/iframe><\/span><\/p>\n<p>\u00a0<\/p>\n<h2 style=\"text-align: center;\"><span class=\"ez-toc-section\" id=\"BD\"><\/span><strong>BD : <\/strong><span class=\"ez-toc-section-end\"><\/span><\/h2>\n<p><strong><a href=\"https:\/\/www.zeda.fr\" target=\"_blank\" rel=\"noopener noreferrer\">ZEDA, L&rsquo;ODYSSEE DU QUOTIDIEN<\/a><\/strong>: univers BD, publication en ligne de un \u00e0 trois strips par semaine. \u00c9criture et dessin.<\/p>\n<p style=\"text-align: center;\"><strong>Coup de c\u0153ur Esprit BD, site soutenu par le festival d&rsquo;Angoul\u00eame et la Caisse d&rsquo;Epargne.<\/strong><\/p>\n<p><img loading=\"lazy\" class=\" wp-image-78 aligncenter\" src=\"https:\/\/davidneau.fr\/wp-content\/uploads\/2019\/10\/banniere-peintre-site-1065-300x126.jpg\" alt=\"\" width=\"479\" height=\"201\" srcset=\"https:\/\/davidneau.fr\/wp-content\/uploads\/2019\/10\/banniere-peintre-site-1065-300x126.jpg 300w, https:\/\/davidneau.fr\/wp-content\/uploads\/2019\/10\/banniere-peintre-site-1065-768x322.jpg 768w, https:\/\/davidneau.fr\/wp-content\/uploads\/2019\/10\/banniere-peintre-site-1065-1024x429.jpg 1024w, https:\/\/davidneau.fr\/wp-content\/uploads\/2019\/10\/banniere-peintre-site-1065-144x60.jpg 144w, https:\/\/davidneau.fr\/wp-content\/uploads\/2019\/10\/banniere-peintre-site-1065.jpg 1065w\" sizes=\"(max-width: 479px) 100vw, 479px\" \/><\/p>\n<p>\u00a0<\/p>\n<p>\u00a0<\/p>\n<p>Z\u00e9da a pr\u00eat\u00e9 son image pour la r\u00e9alisation de films promotionnels anim\u00e9s en vid\u00e9o-gifs qui correspondent \u00e0 ses valeurs :<\/p>\n<ul>\n<li><strong>Neighbourfood.org, a presentation<\/strong>, \u00e9crit et r\u00e9alis\u00e9 avec Willy Roll\u00e9, parce que la start-up s&rsquo;axe sur l&rsquo;\u00e9change et le partage via l&rsquo;alimentation de proximit\u00e9,<\/li>\n<\/ul>\n<p><span class=\"embed-youtube\" style=\"text-align:center; display: block;\"><iframe loading=\"lazy\" class=\"youtube-player\" width=\"750\" height=\"422\" src=\"https:\/\/www.youtube.com\/embed\/1mh_BaDX9sc?version=3&#038;rel=1&#038;showsearch=0&#038;showinfo=1&#038;iv_load_policy=1&#038;fs=1&#038;hl=fr-FR&#038;autohide=2&#038;wmode=transparent\" allowfullscreen=\"true\" style=\"border:0;\" sandbox=\"allow-scripts allow-same-origin allow-popups allow-presentation\"><\/iframe><\/span><\/p>\n<p>\u00a0<\/p>\n<ul>\n<li><strong>Typisch ist nur die Vielfalt<\/strong>, \u00e9crit et r\u00e9alis\u00e9 avec Willy Roll\u00e9, pour le Forum den Kulturen, parce que le Forum lutte contre les diff\u00e9rences,<\/li>\n<\/ul>\n<p><span class=\"embed-youtube\" style=\"text-align:center; display: block;\"><iframe loading=\"lazy\" class=\"youtube-player\" width=\"750\" height=\"422\" src=\"https:\/\/www.youtube.com\/embed\/DFS5JVBYSSk?version=3&#038;rel=1&#038;showsearch=0&#038;showinfo=1&#038;iv_load_policy=1&#038;fs=1&#038;hl=fr-FR&#038;autohide=2&#038;wmode=transparent\" allowfullscreen=\"true\" style=\"border:0;\" sandbox=\"allow-scripts allow-same-origin allow-popups allow-presentation\"><\/iframe><\/span><\/p>\n<p>\u00a0<\/p>\n<p>Z\u00e9da s&rsquo;est publi\u00e9 dans:<\/p>\n<ul>\n<li>Les<strong> fanzines<\/strong> de l&rsquo;<strong><a href=\"https:\/\/atelier54.paris\/\" target=\"_blank\" rel=\"noopener noreferrer\">ATELIER 54<\/a><\/strong>: Association d&rsquo;illustrateurs et dessinateurs BD,<\/li>\n<li>les <strong>chroniques dessin\u00e9es<\/strong> A VOIR A LIRE \u00ab\u00a0<a href=\"https:\/\/www.avoir-alire.com\/spip.php?page=recherche&amp;recherche=zeda+parle+de...\" target=\"_blank\" rel=\"noopener noreferrer\">Z\u00e9da parle de&#8230;<\/a>\u00ab\u00a0,<\/li>\n<li>certains <a href=\"http:\/\/www.7bd.fr\/search?q=z%C3%A9da\" target=\"_blank\" rel=\"noopener noreferrer\"><strong>articles<\/strong> 7BD<\/a><\/li>\n<\/ul>\n<p>Z\u00e9da s&rsquo;est expos\u00e9 avec :<\/p>\n<ul>\n<li>l&rsquo;Atelier 54 pour le OFF du <strong>festival SoBD<\/strong> 2018 \u00e0 Paris,<\/li>\n<li>Olivier Benguigui pour les <a href=\"http:\/\/www.obenguigui.com\/zedamatic-des-photos-bd-a-offrir-pour-les-fetes\/\" target=\"_blank\" rel=\"noopener noreferrer\"><strong>photos-BD \u00ab\u00a0Z\u00e9damatic\u00a0\u00bb<\/strong><\/a> \u00e0 Ville d&rsquo;Avray, Versailles, Paris,<\/li>\n<\/ul>\n<h2 style=\"text-align: center;\"><span class=\"ez-toc-section\" id=\"Enseignement\"><\/span>Enseignement :<span class=\"ez-toc-section-end\"><\/span><\/h2>\n<p><strong>Script-Doctoring<\/strong>: relecture et conseils de r\u00e9\u00e9criture de sc\u00e9nario de long-m\u00e9trage pour la soci\u00e9t\u00e9 de production Les films AG,<\/p>\n<p><strong>Comit\u00e9 de lecture<\/strong>: lecteur de sc\u00e9nario courts et longs m\u00e9trage pour la soci\u00e9t\u00e9 de production cin\u00e9ma, spectacle et \u00e9v\u00e9nementiel Action Training Production,<\/p>\n<p><strong>Workshop<\/strong>: conception d&rsquo;une vid\u00e9o 3D pour cr\u00e9er un teaser de s\u00e9rie anim\u00e9e. Intervenant avec Sylvie F\u00e9vrier et Delphine David, P\u00f4le IIID, Roubaix,<\/p>\n<p><span class=\"embed-youtube\" style=\"text-align:center; display: block;\"><iframe loading=\"lazy\" class=\"youtube-player\" width=\"750\" height=\"422\" src=\"https:\/\/www.youtube.com\/embed\/5cCVrq0PmAk?version=3&#038;rel=1&#038;showsearch=0&#038;showinfo=1&#038;iv_load_policy=1&#038;fs=1&#038;hl=fr-FR&#038;autohide=2&#038;wmode=transparent\" allowfullscreen=\"true\" style=\"border:0;\" sandbox=\"allow-scripts allow-same-origin allow-popups allow-presentation\"><\/iframe><\/span><\/p>\n<p><strong>Atelier<\/strong> : de l&rsquo;id\u00e9e au sc\u00e9nario, atelier d&rsquo;\u00e9criture de sc\u00e9nario de court-m\u00e9trage et d&rsquo;initiation aux r\u00e8gles d&rsquo;\u00e9criture sc\u00e9naristiques, \u00e9cole de cascade ATP, Ermont-Eaubonne,<\/p>\n<p><strong>Cours<\/strong> : Les principes de la dramaturgie, d\u00e9couvrir les r\u00e8gles sc\u00e9naristiques d&rsquo;\u00e9criture de sc\u00e9nario,\u00a0 \u00e9cole de cascade ATP, Ermont-Eaubonne,<\/p>\n<p><strong>Cours<\/strong> : BD num\u00e9rique et jeu vid\u00e9o, intervenant avec Mehdi Debbi-Zourgani, ICAN, Paris,<\/p>\n<p><strong>Atelier<\/strong> cin\u00e9ma d&rsquo;animation enfants \u00ab\u00a0d\u00e9couvrir l&rsquo;animation et ses diff\u00e9rentes techniques\u00a0\u00bb, Intervenant pour les associations BrikaBrac et Contes \u00e0 Modeler, diff\u00e9rents centres d&rsquo;animation, Paris,\u00a0<\/p>\n<p><strong>Atelier<\/strong> cin\u00e9ma d&rsquo;animation enfants \u00ab\u00a0r\u00e9aliser son ha\u00efku anim\u00e9\u00a0\u00bb intervenant avec Katia Grivot, Paris,<\/p>\n<p>\u00a0<\/p>\n<h2 style=\"text-align: center;\"><span class=\"ez-toc-section\" id=\"Intervention\"><\/span>Intervention :<span class=\"ez-toc-section-end\"><\/span><\/h2>\n<p><strong>Membre du <a href=\"https:\/\/labodeledition.parisandco.paris\/BD-Lab\/BD-Lab-Portrait-de-David-Neau-createur-de-Zeda-la-BD-dont-vous-etes-le-heros\" target=\"_blank\" rel=\"noopener noreferrer\">BD Lab Paris<\/a><\/strong>, action et r\u00e9flexion autour de la BD num\u00e9rique,<\/p>\n<p><strong>Conf\u00e9rence<\/strong> \u00ab\u00a0Quels mod\u00e8les \u00e9conomiques pour la BD num\u00e9rique ?\u00a0\u00bb, intervenant, laboratoire de l&rsquo;\u00e9dition, Paris<\/p>\n<p><strong>Conf\u00e9rence<\/strong> : \u00ab\u00a0Autour de la science-fiction au cin\u00e9ma\u00a0\u00bb, intervenant avec Katia Grivot, festival Court-m\u00e9trange, Rennes,<\/p>\n<p><strong>Conf\u00e9rence<\/strong> : \u00ab\u00a0Histoire du Webcomic\u00a0\u00bb de Matthieu Herdegen, invit\u00e9, Dernier Bar avant la Fin du monde, Paris,<\/p>\n<p><strong>Jury<\/strong> comp\u00e9tition court-m\u00e9trage au festival Court pour tous, Ville d&rsquo;Avray,<\/p>\n<p><strong>Jury<\/strong> comp\u00e9tition court-m\u00e9trage prix 7BD au festival BD6n\u00e9, Paris<\/p>\n<p><strong>Rencontre<\/strong> Sti et Olivier Sulpice, Animateur, Festival Quai des bulles, Saint-Malo<\/p>\n<p>\u00a0<\/p>\n<h2 style=\"text-align: center;\"><span class=\"ez-toc-section\" id=\"Articles\"><\/span>Articles :<span class=\"ez-toc-section-end\"><\/span><\/h2>\n<p><strong>Chroniqueur<\/strong> BD et livres pour <a href=\"https:\/\/www.avoir-alire.com\/bande-dessinee\" target=\"_blank\" rel=\"noopener noreferrer\">A VOIR A LIRE<\/a>,<\/p>\n<p><strong>Chroniqueur<\/strong> BD pour <a href=\"http:\/\/www.7bd.fr\/\" target=\"_blank\" rel=\"noopener noreferrer\">7BD<\/a>,<\/p>\n\n\n<p><\/p>\n<div style=\"padding-bottom:20px; padding-top:10px;\" class=\"hupso-share-buttons\"><!-- Hupso Share Buttons - https:\/\/www.hupso.com\/share\/ --><a class=\"hupso_toolbar\" href=\"https:\/\/www.hupso.com\/share\/\"><img src=\"https:\/\/static.hupso.com\/share\/buttons\/lang\/fr\/share-medium.png\" style=\"border:0px; padding-top: 5px; float:left;\" alt=\"Share Button\"\/><\/a><script type=\"text\/javascript\">var hupso_services_t=new Array(\"Twitter\",\"Facebook\",\"Google Plus\",\"Pinterest\",\"Linkedin\",\"Tumblr\",\"Reddit\",\"Sina Weibo\",\"Email\",\"Print\");var hupso_background_t=\"#EAF4FF\";var hupso_border_t=\"#66CCFF\";var hupso_toolbar_size_t=\"medium\";var hupso_image_folder_url = \"\";var hupso_twitter_via=\"DVNEAU\";var hupso_url_t=\"\";var hupso_title_t=\"Publications%20et%20R%C3%A9alisations\";<\/script><script type=\"text\/javascript\" src=\"https:\/\/static.hupso.com\/share\/js\/share_toolbar.js\"><\/script><!-- Hupso Share Buttons --><\/div>","protected":false},"excerpt":{"rendered":"<p>Sc\u00e9nariste depuis bient\u00f4t vingt ans, Je travaille actuellement \u00e0 l&rsquo;\u00e9criture de diff\u00e9rents projets. En tant que consultant, je peux intervenir sur votre histoire d\u00e8s le commencement ou en cours, vous aider \u00e0 d\u00e9velopper votre r\u00e9cit ou juste vous conseiller pour le rendre encore meilleur. Voici un aper\u00e7u s\u00e9lectif des diff\u00e9rents projets sur lesquels j&rsquo;ai travaill\u00e9\u00a0&#8230; <a href=\"https:\/\/davidneau.fr\/index.php\/publirealisations\/\" class=\"more-link\">Continue reading <span class=\"screen-reader-text\">Publications et R\u00e9alisations<\/span><\/a><\/p>\n","protected":false},"author":1,"featured_media":0,"parent":0,"menu_order":0,"comment_status":"closed","ping_status":"closed","template":"","meta":[],"jetpack_sharing_enabled":true,"jetpack_shortlink":"https:\/\/wp.me\/Pa9QkF-o","_links":{"self":[{"href":"https:\/\/davidneau.fr\/index.php\/wp-json\/wp\/v2\/pages\/24"}],"collection":[{"href":"https:\/\/davidneau.fr\/index.php\/wp-json\/wp\/v2\/pages"}],"about":[{"href":"https:\/\/davidneau.fr\/index.php\/wp-json\/wp\/v2\/types\/page"}],"author":[{"embeddable":true,"href":"https:\/\/davidneau.fr\/index.php\/wp-json\/wp\/v2\/users\/1"}],"replies":[{"embeddable":true,"href":"https:\/\/davidneau.fr\/index.php\/wp-json\/wp\/v2\/comments?post=24"}],"version-history":[{"count":44,"href":"https:\/\/davidneau.fr\/index.php\/wp-json\/wp\/v2\/pages\/24\/revisions"}],"predecessor-version":[{"id":9109,"href":"https:\/\/davidneau.fr\/index.php\/wp-json\/wp\/v2\/pages\/24\/revisions\/9109"}],"wp:attachment":[{"href":"https:\/\/davidneau.fr\/index.php\/wp-json\/wp\/v2\/media?parent=24"}],"curies":[{"name":"wp","href":"https:\/\/api.w.org\/{rel}","templated":true}]}}